{"id":5367,"date":"2024-11-01T14:03:10","date_gmt":"2024-11-01T14:03:10","guid":{"rendered":"http:\/\/hfdistillery.com.ar\/tiendaonline\/?post_type=product&#038;p=5367"},"modified":"2025-07-29T17:40:25","modified_gmt":"2025-07-29T17:40:25","slug":"hilbing-gin-pink","status":"publish","type":"product","link":"https:\/\/hfdistillery.com.ar\/tiendaonline\/producto\/hilbing-gin-pink\/","title":{"rendered":"HILBING &#8211; Gin Pink"},"content":{"rendered":"<p>CONT. 750\/700cc<br \/>\nALCO. 40%v\/v<\/p>\n<p>Rosado cobrizo, cristalino.<br \/>\nDelicada y amable con el cl\u00e1sico aroma a enebro y c\u00edtricos.<br \/>\nElegante, suave y largo.<\/p>\n","protected":false},"excerpt":{"rendered":"<p>La receta de este exquisito gin se inspir\u00f3 en las maravillas naturales de Argentina, siendo sus ingredientes: deliciosas frutillas y c\u00e1scaras de c\u00edtricos del Norte argentino, pasas de uva Torront\u00e9s de la Regi\u00f3n de Cuyo, enebro de la Patagonia y coriandro tostado de la Pampa H\u00fameda.<\/p>\n<p>Sus ingredientes se combinan con agua pura y cristalina de deshielo de los glaciares de la Cordillera de los Andes.<br \/>\n\u2022 Pasa de uva torront\u00e9s<br \/>\n\u2022 Frutillas<br \/>\n\u2022 Enebro patag\u00f3nico fresco<br \/>\n\u2022 Semillas de coriandro tostadas en su punto justo<br \/>\n\u2022 C\u00e1scaras frescas de c\u00edtricos del noreste de Argentina<\/p>\n<p>Los bot\u00e1nicos naturales frescos se maceran en alcohol de ma\u00edz de triple destilado antes de volver a ser destilados en peque\u00f1os alambiques de cobre alemanes de 250 lts. La exquisita combinaci\u00f3n de estos bot\u00e1nicos provenientes de los diferentes puntos cardinales de Argentina le otorga a Hilbing Gin Pink un aroma y sabor delicado y amable.<\/p>\n","protected":false},"featured_media":5565,"comment_status":"open","ping_status":"closed","template":"","meta":{"site-sidebar-layout":"default","site-content-layout":"","ast-site-content-layout":"default","site-content-style":"default","site-sidebar-style":"default","ast-global-header-display":"","ast-banner-title-visibility":"","ast-main-header-display":"","ast-hfb-above-header-display":"","ast-hfb-below-header-display":"","ast-hfb-mobile-header-display":"","site-post-title":"","ast-breadcrumbs-content":"","ast-featured-img":"","footer-sml-layout":"","theme-transparent-header-meta":"default","adv-header-id-meta":"","stick-header-meta":"","header-above-stick-meta":"","header-main-stick-meta":"","header-below-stick-meta":"","astra-migrate-meta-layouts":"set","ast-page-background-enabled":"default","ast-page-background-meta":{"desktop":{"background-color":"var(--ast-global-color-4)","background-image":"","background-repeat":"repeat","background-position":"center center","background-size":"auto","background-attachment":"scroll","background-type":"","background-media":"","overlay-type":"","overlay-color":"","overlay-opacity":"","overlay-gradient":""},"tablet":{"background-color":"","background-image":"","background-repeat":"repeat","background-position":"center center","background-size":"auto","background-attachment":"scroll","background-type":"","background-media":"","overlay-type":"","overlay-color":"","overlay-opacity":"","overlay-gradient":""},"mobile":{"background-color":"","background-image":"","background-repeat":"repeat","background-position":"center center","background-size":"auto","background-attachment":"scroll","background-type":"","background-media":"","overlay-type":"","overlay-color":"","overlay-opacity":"","overlay-gradient":""}},"ast-content-background-meta":{"desktop":{"background-color":"var(--ast-global-color-5)","background-image":"","background-repeat":"repeat","background-position":"center center","background-size":"auto","background-attachment":"scroll","background-type":"","background-media":"","overlay-type":"","overlay-color":"","overlay-opacity":"","overlay-gradient":""},"tablet":{"background-color":"var(--ast-global-color-5)","background-image":"","background-repeat":"repeat","background-position":"center center","background-size":"auto","background-attachment":"scroll","background-type":"","background-media":"","overlay-type":"","overlay-color":"","overlay-opacity":"","overlay-gradient":""},"mobile":{"background-color":"var(--ast-global-color-5)","background-image":"","background-repeat":"repeat","background-position":"center center","background-size":"auto","background-attachment":"scroll","background-type":"","background-media":"","overlay-type":"","overlay-color":"","overlay-opacity":"","overlay-gradient":""}}},"product_brand":[],"product_cat":[15],"product_tag":[88],"class_list":{"0":"post-5367","1":"product","2":"type-product","3":"status-publish","4":"has-post-thumbnail","6":"product_cat-gins","7":"product_tag-gin","8":"desktop-align-center","9":"tablet-align-center","10":"mobile-align-center","12":"first","13":"instock","14":"taxable","15":"shipping-taxable","16":"purchasable","17":"product-type-simple"},"jetpack_sharing_enabled":true,"_links":{"self":[{"href":"https:\/\/hfdistillery.com.ar\/tiendaonline\/wp-json\/wp\/v2\/product\/5367","targetHints":{"allow":["GET"]}}],"collection":[{"href":"https:\/\/hfdistillery.com.ar\/tiendaonline\/wp-json\/wp\/v2\/product"}],"about":[{"href":"https:\/\/hfdistillery.com.ar\/tiendaonline\/wp-json\/wp\/v2\/types\/product"}],"replies":[{"embeddable":true,"href":"https:\/\/hfdistillery.com.ar\/tiendaonline\/wp-json\/wp\/v2\/comments?post=5367"}],"version-history":[{"count":1,"href":"https:\/\/hfdistillery.com.ar\/tiendaonline\/wp-json\/wp\/v2\/product\/5367\/revisions"}],"predecessor-version":[{"id":5778,"href":"https:\/\/hfdistillery.com.ar\/tiendaonline\/wp-json\/wp\/v2\/product\/5367\/revisions\/5778"}],"wp:featuredmedia":[{"embeddable":true,"href":"https:\/\/hfdistillery.com.ar\/tiendaonline\/wp-json\/wp\/v2\/media\/5565"}],"wp:attachment":[{"href":"https:\/\/hfdistillery.com.ar\/tiendaonline\/wp-json\/wp\/v2\/media?parent=5367"}],"wp:term":[{"taxonomy":"product_brand","embeddable":true,"href":"https:\/\/hfdistillery.com.ar\/tiendaonline\/wp-json\/wp\/v2\/product_brand?post=5367"},{"taxonomy":"product_cat","embeddable":true,"href":"https:\/\/hfdistillery.com.ar\/tiendaonline\/wp-json\/wp\/v2\/product_cat?post=5367"},{"taxonomy":"product_tag","embeddable":true,"href":"https:\/\/hfdistillery.com.ar\/tiendaonline\/wp-json\/wp\/v2\/product_tag?post=5367"}],"curies":[{"name":"wp","href":"https:\/\/api.w.org\/{rel}","templated":true}]}}