{"id":5368,"date":"2024-11-01T14:05:54","date_gmt":"2024-11-01T14:05:54","guid":{"rendered":"http:\/\/hfdistillery.com.ar\/tiendaonline\/?post_type=product&#038;p=5368"},"modified":"2025-07-29T17:40:11","modified_gmt":"2025-07-29T17:40:11","slug":"hilbing-gin-malbec","status":"publish","type":"product","link":"https:\/\/hfdistillery.com.ar\/tiendaonline\/producto\/hilbing-gin-malbec\/","title":{"rendered":"HILBING &#8211; Gin Malbec"},"content":{"rendered":"<p>CONT. 750\/700cc<br \/>\nALCO. 40%v\/v<\/p>\n<p>Cristalino, incoloro.<br \/>\nAromas delicados y florales dados por la perfecta combinaci\u00f3n de flores de tilo, rosas silvestres y c\u00edtricos.<br \/>\nSabor largo, suave y sedoso proporcionado por la maceraci\u00f3n de uvas MALBEC con enebro y cilantro.<\/p>\n","protected":false},"excerpt":{"rendered":"<p>Este gin artesanal multipremiado proviene de la peque\u00f1a destiler\u00eda de la familia Hilbing Franke en el coraz\u00f3n de la regi\u00f3n vitivin\u00edcola de Mendoza, al oeste de Argentina, donde hace m\u00e1s de un siglo, sus antepasados plantaron las primeras uvas Malbec y comenzaron la larga historia de vinificaci\u00f3n y destilaci\u00f3n. La utilizaci\u00f3n de uvas Malbec de gran calidad en el proceso de<br \/>\nmaceraci\u00f3n, le da a este gin una elegancia armoniosa y sedosa con un ligero toque de enebro y c\u00edtricos, complementado con notas florales de rosas silvestres y flores de tilo. Se trata de un gin muy vers\u00e1til y suave con una duraci\u00f3n particularmente buena.<\/p>\n<p>La exquisita combinaci\u00f3n de los seis ingredientes bot\u00e1nicos naturales le da a Hilbing Gin un delicado aroma y un sabor distintivo.<br \/>\n\u2022 Bayas de enebro frescas de la Patagonia.<br \/>\n\u2022 Uvas Malbec de Mendoza.<br \/>\n\u2022 P\u00e9talos de rosas silvestres del piedemonte de la Cordillera de los Andes en Mendoza.<br \/>\n\u2022 Semillas de cilantro tostadas de la regi\u00f3n pampeana.<br \/>\n\u2022 Flores de tilo de \u00e1rboles centenarios de la finca Hilbing.<br \/>\n\u2022 Cascaras frescas de c\u00edtricos provenientes del litoral argentino.<\/p>\n<p>Hilbing Gin es un producto puro y natural. Sin sabores, edulcorantes ni colorantes a\u00f1adidos.<\/p>\n","protected":false},"featured_media":5563,"comment_status":"open","ping_status":"closed","template":"","meta":{"site-sidebar-layout":"default","site-content-layout":"","ast-site-content-layout":"default","site-content-style":"default","site-sidebar-style":"default","ast-global-header-display":"","ast-banner-title-visibility":"","ast-main-header-display":"","ast-hfb-above-header-display":"","ast-hfb-below-header-display":"","ast-hfb-mobile-header-display":"","site-post-title":"","ast-breadcrumbs-content":"","ast-featured-img":"","footer-sml-layout":"","theme-transparent-header-meta":"default","adv-header-id-meta":"","stick-header-meta":"","header-above-stick-meta":"","header-main-stick-meta":"","header-below-stick-meta":"","astra-migrate-meta-layouts":"set","ast-page-background-enabled":"default","ast-page-background-meta":{"desktop":{"background-color":"var(--ast-global-color-4)","background-image":"","background-repeat":"repeat","background-position":"center center","background-size":"auto","background-attachment":"scroll","background-type":"","background-media":"","overlay-type":"","overlay-color":"","overlay-opacity":"","overlay-gradient":""},"tablet":{"background-color":"","background-image":"","background-repeat":"repeat","background-position":"center center","background-size":"auto","background-attachment":"scroll","background-type":"","background-media":"","overlay-type":"","overlay-color":"","overlay-opacity":"","overlay-gradient":""},"mobile":{"background-color":"","background-image":"","background-repeat":"repeat","background-position":"center center","background-size":"auto","background-attachment":"scroll","background-type":"","background-media":"","overlay-type":"","overlay-color":"","overlay-opacity":"","overlay-gradient":""}},"ast-content-background-meta":{"desktop":{"background-color":"var(--ast-global-color-5)","background-image":"","background-repeat":"repeat","background-position":"center center","background-size":"auto","background-attachment":"scroll","background-type":"","background-media":"","overlay-type":"","overlay-color":"","overlay-opacity":"","overlay-gradient":""},"tablet":{"background-color":"var(--ast-global-color-5)","background-image":"","background-repeat":"repeat","background-position":"center center","background-size":"auto","background-attachment":"scroll","background-type":"","background-media":"","overlay-type":"","overlay-color":"","overlay-opacity":"","overlay-gradient":""},"mobile":{"background-color":"var(--ast-global-color-5)","background-image":"","background-repeat":"repeat","background-position":"center center","background-size":"auto","background-attachment":"scroll","background-type":"","background-media":"","overlay-type":"","overlay-color":"","overlay-opacity":"","overlay-gradient":""}}},"product_brand":[],"product_cat":[15],"product_tag":[88],"class_list":{"0":"post-5368","1":"product","2":"type-product","3":"status-publish","4":"has-post-thumbnail","6":"product_cat-gins","7":"product_tag-gin","8":"desktop-align-center","9":"tablet-align-center","10":"mobile-align-center","12":"first","13":"instock","14":"taxable","15":"shipping-taxable","16":"purchasable","17":"product-type-simple"},"jetpack_sharing_enabled":true,"_links":{"self":[{"href":"https:\/\/hfdistillery.com.ar\/tiendaonline\/wp-json\/wp\/v2\/product\/5368","targetHints":{"allow":["GET"]}}],"collection":[{"href":"https:\/\/hfdistillery.com.ar\/tiendaonline\/wp-json\/wp\/v2\/product"}],"about":[{"href":"https:\/\/hfdistillery.com.ar\/tiendaonline\/wp-json\/wp\/v2\/types\/product"}],"replies":[{"embeddable":true,"href":"https:\/\/hfdistillery.com.ar\/tiendaonline\/wp-json\/wp\/v2\/comments?post=5368"}],"version-history":[{"count":2,"href":"https:\/\/hfdistillery.com.ar\/tiendaonline\/wp-json\/wp\/v2\/product\/5368\/revisions"}],"predecessor-version":[{"id":6096,"href":"https:\/\/hfdistillery.com.ar\/tiendaonline\/wp-json\/wp\/v2\/product\/5368\/revisions\/6096"}],"wp:featuredmedia":[{"embeddable":true,"href":"https:\/\/hfdistillery.com.ar\/tiendaonline\/wp-json\/wp\/v2\/media\/5563"}],"wp:attachment":[{"href":"https:\/\/hfdistillery.com.ar\/tiendaonline\/wp-json\/wp\/v2\/media?parent=5368"}],"wp:term":[{"taxonomy":"product_brand","embeddable":true,"href":"https:\/\/hfdistillery.com.ar\/tiendaonline\/wp-json\/wp\/v2\/product_brand?post=5368"},{"taxonomy":"product_cat","embeddable":true,"href":"https:\/\/hfdistillery.com.ar\/tiendaonline\/wp-json\/wp\/v2\/product_cat?post=5368"},{"taxonomy":"product_tag","embeddable":true,"href":"https:\/\/hfdistillery.com.ar\/tiendaonline\/wp-json\/wp\/v2\/product_tag?post=5368"}],"curies":[{"name":"wp","href":"https:\/\/api.w.org\/{rel}","templated":true}]}}