{"id":5371,"date":"2024-11-01T14:09:43","date_gmt":"2024-11-01T14:09:43","guid":{"rendered":"http:\/\/hfdistillery.com.ar\/tiendaonline\/?post_type=product&#038;p=5371"},"modified":"2025-07-29T17:38:42","modified_gmt":"2025-07-29T17:38:42","slug":"divine-h-triple-sec-citrique-liqueur","status":"publish","type":"product","link":"https:\/\/hfdistillery.com.ar\/tiendaonline\/producto\/divine-h-triple-sec-citrique-liqueur\/","title":{"rendered":"DIVINE H &#8211; Triple Sec Citrique Liqueur"},"content":{"rendered":"<p>CONT. 750\/700cc<\/p>\n<p>ALCO. 40%v\/v<\/p>\n<p>Cristalino, incoloro.<\/p>\n<p>Intenso, elegante, c\u00edtrico y afrutado.<\/p>\n<p>Dulce y suave pero con un persistente sabor c\u00edtrico que deja en boca una sensaci\u00f3n de frescor y un perfecto equilibrio entre acidez, dulzor y alcohol<\/p>\n","protected":false},"excerpt":{"rendered":"<p>Destilado en peque\u00f1os alambiques 100% de cobre en la destiler\u00eda Hilbing Franke, es el resultado de la maceraci\u00f3n de pieles de naranjas, pomelos y quintos, en Brandy, 100% elaborado con vino Torront\u00e9s que luego es re-destilado por el talento creativo del Maestro Destilador Rolando Hilbing.<\/p>\n<p>Argentina produce c\u00edtricos de muy buena calidad que alcanzan una madurez excepcional gracias a su incre\u00edble clima. El proceso de destilaci\u00f3n de Triple Sec tambi\u00e9n requiere una atenci\u00f3n muy cuidadosa para asegurar la obtenci\u00f3n de las proporciones perfectas de aceites esenciales de las distintas variedades de c\u00e1scaras de c\u00edtricos utilizadas. El agua pura de deshielo de los glaciares de la Cordillera de los Andes combinada con el destilado final de los c\u00edtricos y del Brandy Torront\u00e9s completan este armonioso y arom\u00e1tico licor c\u00edtrico.<\/p>\n<p>Este es un licor delicioso con un gran repertorio arom\u00e1tico fresco y elegante. Este Triple Sec ser\u00e1 perfecto si se sirve fr\u00edo y puro o resultar\u00e1 excepcional en c\u00f3cteles donde se busca el<br \/>\nsabor distintivo del quinoto.<\/p>\n","protected":false},"featured_media":5916,"comment_status":"open","ping_status":"closed","template":"","meta":{"site-sidebar-layout":"default","site-content-layout":"","ast-site-content-layout":"default","site-content-style":"default","site-sidebar-style":"default","ast-global-header-display":"","ast-banner-title-visibility":"","ast-main-header-display":"","ast-hfb-above-header-display":"","ast-hfb-below-header-display":"","ast-hfb-mobile-header-display":"","site-post-title":"","ast-breadcrumbs-content":"","ast-featured-img":"","footer-sml-layout":"","theme-transparent-header-meta":"default","adv-header-id-meta":"","stick-header-meta":"","header-above-stick-meta":"","header-main-stick-meta":"","header-below-stick-meta":"","astra-migrate-meta-layouts":"set","ast-page-background-enabled":"default","ast-page-background-meta":{"desktop":{"background-color":"var(--ast-global-color-4)","background-image":"","background-repeat":"repeat","background-position":"center center","background-size":"auto","background-attachment":"scroll","background-type":"","background-media":"","overlay-type":"","overlay-color":"","overlay-opacity":"","overlay-gradient":""},"tablet":{"background-color":"","background-image":"","background-repeat":"repeat","background-position":"center center","background-size":"auto","background-attachment":"scroll","background-type":"","background-media":"","overlay-type":"","overlay-color":"","overlay-opacity":"","overlay-gradient":""},"mobile":{"background-color":"","background-image":"","background-repeat":"repeat","background-position":"center center","background-size":"auto","background-attachment":"scroll","background-type":"","background-media":"","overlay-type":"","overlay-color":"","overlay-opacity":"","overlay-gradient":""}},"ast-content-background-meta":{"desktop":{"background-color":"var(--ast-global-color-5)","background-image":"","background-repeat":"repeat","background-position":"center center","background-size":"auto","background-attachment":"scroll","background-type":"","background-media":"","overlay-type":"","overlay-color":"","overlay-opacity":"","overlay-gradient":""},"tablet":{"background-color":"var(--ast-global-color-5)","background-image":"","background-repeat":"repeat","background-position":"center center","background-size":"auto","background-attachment":"scroll","background-type":"","background-media":"","overlay-type":"","overlay-color":"","overlay-opacity":"","overlay-gradient":""},"mobile":{"background-color":"var(--ast-global-color-5)","background-image":"","background-repeat":"repeat","background-position":"center center","background-size":"auto","background-attachment":"scroll","background-type":"","background-media":"","overlay-type":"","overlay-color":"","overlay-opacity":"","overlay-gradient":""}}},"product_brand":[],"product_cat":[76],"product_tag":[],"class_list":{"0":"post-5371","1":"product","2":"type-product","3":"status-publish","4":"has-post-thumbnail","6":"product_cat-licor","7":"desktop-align-center","8":"tablet-align-center","9":"mobile-align-center","11":"first","12":"instock","13":"taxable","14":"shipping-taxable","15":"purchasable","16":"product-type-simple"},"jetpack_sharing_enabled":true,"_links":{"self":[{"href":"https:\/\/hfdistillery.com.ar\/tiendaonline\/wp-json\/wp\/v2\/product\/5371","targetHints":{"allow":["GET"]}}],"collection":[{"href":"https:\/\/hfdistillery.com.ar\/tiendaonline\/wp-json\/wp\/v2\/product"}],"about":[{"href":"https:\/\/hfdistillery.com.ar\/tiendaonline\/wp-json\/wp\/v2\/types\/product"}],"replies":[{"embeddable":true,"href":"https:\/\/hfdistillery.com.ar\/tiendaonline\/wp-json\/wp\/v2\/comments?post=5371"}],"version-history":[{"count":1,"href":"https:\/\/hfdistillery.com.ar\/tiendaonline\/wp-json\/wp\/v2\/product\/5371\/revisions"}],"predecessor-version":[{"id":5775,"href":"https:\/\/hfdistillery.com.ar\/tiendaonline\/wp-json\/wp\/v2\/product\/5371\/revisions\/5775"}],"wp:featuredmedia":[{"embeddable":true,"href":"https:\/\/hfdistillery.com.ar\/tiendaonline\/wp-json\/wp\/v2\/media\/5916"}],"wp:attachment":[{"href":"https:\/\/hfdistillery.com.ar\/tiendaonline\/wp-json\/wp\/v2\/media?parent=5371"}],"wp:term":[{"taxonomy":"product_brand","embeddable":true,"href":"https:\/\/hfdistillery.com.ar\/tiendaonline\/wp-json\/wp\/v2\/product_brand?post=5371"},{"taxonomy":"product_cat","embeddable":true,"href":"https:\/\/hfdistillery.com.ar\/tiendaonline\/wp-json\/wp\/v2\/product_cat?post=5371"},{"taxonomy":"product_tag","embeddable":true,"href":"https:\/\/hfdistillery.com.ar\/tiendaonline\/wp-json\/wp\/v2\/product_tag?post=5371"}],"curies":[{"name":"wp","href":"https:\/\/api.w.org\/{rel}","templated":true}]}}