{"id":5374,"date":"2024-11-01T14:16:40","date_gmt":"2024-11-01T14:16:40","guid":{"rendered":"http:\/\/hfdistillery.com.ar\/tiendaonline\/?post_type=product&#038;p=5374"},"modified":"2025-07-29T17:39:24","modified_gmt":"2025-07-29T17:39:24","slug":"aniapa-grappa-blend","status":"publish","type":"product","link":"https:\/\/hfdistillery.com.ar\/tiendaonline\/producto\/aniapa-grappa-blend\/","title":{"rendered":"ANIAPA Grappa Blend"},"content":{"rendered":"<p>CONT. 750\/700cc<\/p>\n<p>ALCO. 40%v\/v<\/p>\n<p>Cristalino e incoloro.<\/p>\n<p>Aniapa Blend muestra un aroma intenso, ligeramente dulce, con una fragancia de c\u00edtricos e higos.<\/p>\n<p>Sus delicados sabores combinados con la suavidad de la mezcla de uvas dejan un agradable y duradero sabor a frutos rojos y negros<\/p>\n","protected":false},"excerpt":{"rendered":"<p>Aniapa Blend completa el surtido de grappas de la familia Hilbing Franke en su destiler\u00eda artesanal.<\/p>\n<p>Est\u00e1 elaborado con orujo fresco de uva de Malbec, Merlot y Cabernet Sauvignon provenientes de los vinos de bodegas ic\u00f3nicas de la zona privilegiada de Luj\u00e1n de Cuyo en Mendoza. El orujo de alta calidad que utilizamos es seleccionado personalmente por nuestro maestro destilador, Rolando Hilbing, luego de ser destilado dos veces en peque\u00f1os alambiques 100% de cobre y finalmente mezclado con agua pura de deshielo de los glaciares de la Cordillera de los Andes, dando como resultado una bebida elegante y sofisticado<\/p>\n","protected":false},"featured_media":5919,"comment_status":"open","ping_status":"closed","template":"","meta":{"site-sidebar-layout":"default","site-content-layout":"","ast-site-content-layout":"default","site-content-style":"default","site-sidebar-style":"default","ast-global-header-display":"","ast-banner-title-visibility":"","ast-main-header-display":"","ast-hfb-above-header-display":"","ast-hfb-below-header-display":"","ast-hfb-mobile-header-display":"","site-post-title":"","ast-breadcrumbs-content":"","ast-featured-img":"","footer-sml-layout":"","theme-transparent-header-meta":"default","adv-header-id-meta":"","stick-header-meta":"","header-above-stick-meta":"","header-main-stick-meta":"","header-below-stick-meta":"","astra-migrate-meta-layouts":"set","ast-page-background-enabled":"default","ast-page-background-meta":{"desktop":{"background-color":"var(--ast-global-color-4)","background-image":"","background-repeat":"repeat","background-position":"center center","background-size":"auto","background-attachment":"scroll","background-type":"","background-media":"","overlay-type":"","overlay-color":"","overlay-opacity":"","overlay-gradient":""},"tablet":{"background-color":"","background-image":"","background-repeat":"repeat","background-position":"center center","background-size":"auto","background-attachment":"scroll","background-type":"","background-media":"","overlay-type":"","overlay-color":"","overlay-opacity":"","overlay-gradient":""},"mobile":{"background-color":"","background-image":"","background-repeat":"repeat","background-position":"center center","background-size":"auto","background-attachment":"scroll","background-type":"","background-media":"","overlay-type":"","overlay-color":"","overlay-opacity":"","overlay-gradient":""}},"ast-content-background-meta":{"desktop":{"background-color":"var(--ast-global-color-5)","background-image":"","background-repeat":"repeat","background-position":"center center","background-size":"auto","background-attachment":"scroll","background-type":"","background-media":"","overlay-type":"","overlay-color":"","overlay-opacity":"","overlay-gradient":""},"tablet":{"background-color":"var(--ast-global-color-5)","background-image":"","background-repeat":"repeat","background-position":"center center","background-size":"auto","background-attachment":"scroll","background-type":"","background-media":"","overlay-type":"","overlay-color":"","overlay-opacity":"","overlay-gradient":""},"mobile":{"background-color":"var(--ast-global-color-5)","background-image":"","background-repeat":"repeat","background-position":"center center","background-size":"auto","background-attachment":"scroll","background-type":"","background-media":"","overlay-type":"","overlay-color":"","overlay-opacity":"","overlay-gradient":""}}},"product_brand":[],"product_cat":[75],"product_tag":[],"class_list":{"0":"post-5374","1":"product","2":"type-product","3":"status-publish","4":"has-post-thumbnail","6":"product_cat-grappas","7":"desktop-align-center","8":"tablet-align-center","9":"mobile-align-center","11":"first","12":"instock","13":"taxable","14":"shipping-taxable","15":"purchasable","16":"product-type-simple"},"jetpack_sharing_enabled":true,"_links":{"self":[{"href":"https:\/\/hfdistillery.com.ar\/tiendaonline\/wp-json\/wp\/v2\/product\/5374","targetHints":{"allow":["GET"]}}],"collection":[{"href":"https:\/\/hfdistillery.com.ar\/tiendaonline\/wp-json\/wp\/v2\/product"}],"about":[{"href":"https:\/\/hfdistillery.com.ar\/tiendaonline\/wp-json\/wp\/v2\/types\/product"}],"replies":[{"embeddable":true,"href":"https:\/\/hfdistillery.com.ar\/tiendaonline\/wp-json\/wp\/v2\/comments?post=5374"}],"version-history":[{"count":2,"href":"https:\/\/hfdistillery.com.ar\/tiendaonline\/wp-json\/wp\/v2\/product\/5374\/revisions"}],"predecessor-version":[{"id":6088,"href":"https:\/\/hfdistillery.com.ar\/tiendaonline\/wp-json\/wp\/v2\/product\/5374\/revisions\/6088"}],"wp:featuredmedia":[{"embeddable":true,"href":"https:\/\/hfdistillery.com.ar\/tiendaonline\/wp-json\/wp\/v2\/media\/5919"}],"wp:attachment":[{"href":"https:\/\/hfdistillery.com.ar\/tiendaonline\/wp-json\/wp\/v2\/media?parent=5374"}],"wp:term":[{"taxonomy":"product_brand","embeddable":true,"href":"https:\/\/hfdistillery.com.ar\/tiendaonline\/wp-json\/wp\/v2\/product_brand?post=5374"},{"taxonomy":"product_cat","embeddable":true,"href":"https:\/\/hfdistillery.com.ar\/tiendaonline\/wp-json\/wp\/v2\/product_cat?post=5374"},{"taxonomy":"product_tag","embeddable":true,"href":"https:\/\/hfdistillery.com.ar\/tiendaonline\/wp-json\/wp\/v2\/product_tag?post=5374"}],"curies":[{"name":"wp","href":"https:\/\/api.w.org\/{rel}","templated":true}]}}